{"id":2,"date":"2025-04-23T06:50:06","date_gmt":"2025-04-23T06:50:06","guid":{"rendered":"http:\/\/drycon.sk\/?page_id=2"},"modified":"2025-05-16T13:31:51","modified_gmt":"2025-05-16T13:31:51","slug":"drycon-group","status":"publish","type":"page","link":"https:\/\/drycon.sk\/","title":{"rendered":"DryCon Group"},"content":{"rendered":"\n<figure class=\"wp-block-image alignfull size-full\"><img loading=\"lazy\" decoding=\"async\" width=\"2560\" height=\"988\" src=\"http:\/\/drycon.sk\/wp-content\/uploads\/2025\/04\/hero-foto-V3-scaled.jpg\" alt=\"\" class=\"wp-image-63\" srcset=\"https:\/\/drycon.sk\/wp-content\/uploads\/2025\/04\/hero-foto-V3-scaled.jpg 2560w, https:\/\/drycon.sk\/wp-content\/uploads\/2025\/04\/hero-foto-V3-300x116.jpg 300w, https:\/\/drycon.sk\/wp-content\/uploads\/2025\/04\/hero-foto-V3-1024x395.jpg 1024w, https:\/\/drycon.sk\/wp-content\/uploads\/2025\/04\/hero-foto-V3-768x296.jpg 768w, https:\/\/drycon.sk\/wp-content\/uploads\/2025\/04\/hero-foto-V3-1536x593.jpg 1536w, https:\/\/drycon.sk\/wp-content\/uploads\/2025\/04\/hero-foto-V3-2048x790.jpg 2048w\" sizes=\"auto, (max-width: 2560px) 100vw, 2560px\" \/><\/figure>\n\n\n\n<figure class=\"wp-block-image aligncenter size-large is-resized\"><img loading=\"lazy\" decoding=\"async\" width=\"1024\" height=\"302\" src=\"http:\/\/drycon.sk\/wp-content\/uploads\/2025\/04\/drycon-group-logo-1024x302.jpg\" alt=\"\" class=\"wp-image-16\" style=\"width:214px;height:auto\" srcset=\"https:\/\/drycon.sk\/wp-content\/uploads\/2025\/04\/drycon-group-logo-1024x302.jpg 1024w, https:\/\/drycon.sk\/wp-content\/uploads\/2025\/04\/drycon-group-logo-300x88.jpg 300w, https:\/\/drycon.sk\/wp-content\/uploads\/2025\/04\/drycon-group-logo-768x226.jpg 768w, https:\/\/drycon.sk\/wp-content\/uploads\/2025\/04\/drycon-group-logo-1536x453.jpg 1536w, https:\/\/drycon.sk\/wp-content\/uploads\/2025\/04\/drycon-group-logo.jpg 1838w\" sizes=\"auto, (max-width: 1024px) 100vw, 1024px\" \/><\/figure>\n\n\n\n<p class=\"has-text-align-center is-style-text-subtitle is-style-text-subtitle--1\" style=\"padding-top:0;padding-bottom:0;font-size:clamp(1.198rem, 1.198rem + ((1vw - 0.2rem) * 1.101), 1.9rem);\"><strong>Spolo\u010dne sp\u00e1jame estetiku, akustiku, remeseln\u00fa zru\u010dnos\u0165 a modern\u00e9 technol\u00f3gie do jedn\u00e9ho spo\u013eahliv\u00e9ho celku<\/strong><\/p>\n\n\n\n<p class=\"has-text-align-center has-small-font-size\">S trad\u00edciou od roku 1992 patr\u00edme medzi l\u00eddrov v oblasti suchej v\u00fdstavby na slovenskom trhu. Postupne sme zdokona\u013eovali na\u0161e zru\u010dnosti, roz\u0161\u00edrili p\u00f4sobenie v oblasti prefabrik\u00e1cie a interi\u00e9rovej akustiky. Dnes pod zna\u010dkou DryCon Group zastre\u0161ujeme skupinu firiem, ktor\u00e9 pon\u00fakaj\u00fa kvalitn\u00e9 rie\u0161enia od z\u00e1kazkovej v\u00fdroby zo sadrokart\u00f3nu, sadry, bet\u00f3nu a\u017e po kompletn\u00fa realiz\u00e1ciu komfortn\u00fdch a \u00fatuln\u00fdch interi\u00e9rov.<\/p>\n\n\n\n<div class=\"wp-block-columns is-layout-flex wp-container-core-columns-is-layout-28f84493 wp-block-columns-is-layout-flex\">\n<div class=\"wp-block-column is-layout-flow wp-block-column-is-layout-flow\">\n<figure class=\"wp-block-image size-large\"><img loading=\"lazy\" decoding=\"async\" width=\"1024\" height=\"98\" src=\"http:\/\/drycon.sk\/wp-content\/uploads\/2025\/04\/vrch-1024x98.jpg\" alt=\"\" class=\"wp-image-18\" srcset=\"https:\/\/drycon.sk\/wp-content\/uploads\/2025\/04\/vrch-1024x98.jpg 1024w, https:\/\/drycon.sk\/wp-content\/uploads\/2025\/04\/vrch-300x29.jpg 300w, https:\/\/drycon.sk\/wp-content\/uploads\/2025\/04\/vrch-768x74.jpg 768w, https:\/\/drycon.sk\/wp-content\/uploads\/2025\/04\/vrch-1536x148.jpg 1536w, https:\/\/drycon.sk\/wp-content\/uploads\/2025\/04\/vrch-2048x197.jpg 2048w\" sizes=\"auto, (max-width: 1024px) 100vw, 1024px\" \/><\/figure>\n\n\n\n<figure class=\"wp-block-image size-large\"><a href=\"https:\/\/www.menimepriestor.sk\"><img loading=\"lazy\" decoding=\"async\" width=\"1024\" height=\"683\" src=\"http:\/\/drycon.sk\/wp-content\/uploads\/2025\/04\/P3011987ab-1024x683.jpg\" alt=\"\" class=\"wp-image-19\" srcset=\"https:\/\/drycon.sk\/wp-content\/uploads\/2025\/04\/P3011987ab-1024x683.jpg 1024w, https:\/\/drycon.sk\/wp-content\/uploads\/2025\/04\/P3011987ab-300x200.jpg 300w, https:\/\/drycon.sk\/wp-content\/uploads\/2025\/04\/P3011987ab-768x512.jpg 768w, https:\/\/drycon.sk\/wp-content\/uploads\/2025\/04\/P3011987ab-1536x1024.jpg 1536w, https:\/\/drycon.sk\/wp-content\/uploads\/2025\/04\/P3011987ab-2048x1365.jpg 2048w\" sizes=\"auto, (max-width: 1024px) 100vw, 1024px\" \/><\/a><\/figure>\n\n\n\n<p><strong>Men\u00edme priestor<\/strong><\/p>\n\n\n\n<p class=\"has-small-font-size\">Pretv\u00e1rame priestor na komfortn\u00e9 a \u00fatuln\u00e9 interi\u00e9ry. Pon\u00fakame jedine\u010dn\u00e9 rie\u0161enia v oblasti interi\u00e9rov\u00e9ho dizajnu, akustiky a osvetlenia. \u0160pecializujeme sa na akustick\u00e9 obkladov\u00e9 materi\u00e1ly a ich povrchov\u00e9 \u00fapravy. Ako sk\u00fasen\u00fd dod\u00e1vate\u013e z\u00e1rove\u0148 zabezpe\u010dujeme komplexn\u00e9 dod\u00e1vky interi\u00e9rov &#8211; od n\u00e1vrhu a\u017e po realiz\u00e1ciu na k\u013e\u00fa\u010d.<br>.<\/p>\n\n\n\n<div class=\"wp-block-columns is-layout-flex wp-container-core-columns-is-layout-28f84493 wp-block-columns-is-layout-flex\">\n<div class=\"wp-block-column is-layout-flow wp-block-column-is-layout-flow\">\n<figure class=\"wp-block-image size-large\"><img loading=\"lazy\" decoding=\"async\" width=\"1024\" height=\"308\" src=\"http:\/\/drycon.sk\/wp-content\/uploads\/2025\/04\/logo-menime-priestor-V2-1024x308.jpg\" alt=\"\" class=\"wp-image-22\" srcset=\"https:\/\/drycon.sk\/wp-content\/uploads\/2025\/04\/logo-menime-priestor-V2-1024x308.jpg 1024w, https:\/\/drycon.sk\/wp-content\/uploads\/2025\/04\/logo-menime-priestor-V2-300x90.jpg 300w, https:\/\/drycon.sk\/wp-content\/uploads\/2025\/04\/logo-menime-priestor-V2-768x231.jpg 768w, https:\/\/drycon.sk\/wp-content\/uploads\/2025\/04\/logo-menime-priestor-V2-1536x462.jpg 1536w, https:\/\/drycon.sk\/wp-content\/uploads\/2025\/04\/logo-menime-priestor-V2-2048x616.jpg 2048w\" sizes=\"auto, (max-width: 1024px) 100vw, 1024px\" \/><\/figure>\n<\/div>\n\n\n\n<div class=\"wp-block-column is-layout-flow wp-block-column-is-layout-flow\">\n<figure class=\"wp-block-image size-large\"><a href=\"https:\/\/www.menimepriestor.sk\"><img loading=\"lazy\" decoding=\"async\" width=\"1024\" height=\"266\" src=\"http:\/\/drycon.sk\/wp-content\/uploads\/2025\/04\/tlacidlo2-1024x266.jpg\" alt=\"\" class=\"wp-image-66\" srcset=\"https:\/\/drycon.sk\/wp-content\/uploads\/2025\/04\/tlacidlo2-1024x266.jpg 1024w, https:\/\/drycon.sk\/wp-content\/uploads\/2025\/04\/tlacidlo2-300x78.jpg 300w, https:\/\/drycon.sk\/wp-content\/uploads\/2025\/04\/tlacidlo2-768x199.jpg 768w, https:\/\/drycon.sk\/wp-content\/uploads\/2025\/04\/tlacidlo2.jpg 1268w\" sizes=\"auto, (max-width: 1024px) 100vw, 1024px\" \/><\/a><\/figure>\n<\/div>\n<\/div>\n\n\n\n<figure class=\"wp-block-image size-large\"><img loading=\"lazy\" decoding=\"async\" width=\"1024\" height=\"98\" src=\"http:\/\/drycon.sk\/wp-content\/uploads\/2025\/04\/spodok-1024x98.jpg\" alt=\"\" class=\"wp-image-25\" srcset=\"https:\/\/drycon.sk\/wp-content\/uploads\/2025\/04\/spodok-1024x98.jpg 1024w, https:\/\/drycon.sk\/wp-content\/uploads\/2025\/04\/spodok-300x29.jpg 300w, https:\/\/drycon.sk\/wp-content\/uploads\/2025\/04\/spodok-768x74.jpg 768w, https:\/\/drycon.sk\/wp-content\/uploads\/2025\/04\/spodok-1536x148.jpg 1536w, https:\/\/drycon.sk\/wp-content\/uploads\/2025\/04\/spodok-2048x197.jpg 2048w\" sizes=\"auto, (max-width: 1024px) 100vw, 1024px\" \/><\/figure>\n<\/div>\n\n\n\n<div class=\"wp-block-column is-layout-flow wp-block-column-is-layout-flow\">\n<figure class=\"wp-block-image size-large\"><img loading=\"lazy\" decoding=\"async\" width=\"1024\" height=\"98\" src=\"http:\/\/drycon.sk\/wp-content\/uploads\/2025\/04\/vrch-1024x98.jpg\" alt=\"\" class=\"wp-image-18\" srcset=\"https:\/\/drycon.sk\/wp-content\/uploads\/2025\/04\/vrch-1024x98.jpg 1024w, https:\/\/drycon.sk\/wp-content\/uploads\/2025\/04\/vrch-300x29.jpg 300w, https:\/\/drycon.sk\/wp-content\/uploads\/2025\/04\/vrch-768x74.jpg 768w, https:\/\/drycon.sk\/wp-content\/uploads\/2025\/04\/vrch-1536x148.jpg 1536w, https:\/\/drycon.sk\/wp-content\/uploads\/2025\/04\/vrch-2048x197.jpg 2048w\" sizes=\"auto, (max-width: 1024px) 100vw, 1024px\" \/><\/figure>\n\n\n\n<figure class=\"wp-block-image size-large\"><a href=\"https:\/\/easyboard.sk\"><img loading=\"lazy\" decoding=\"async\" width=\"1024\" height=\"683\" src=\"http:\/\/drycon.sk\/wp-content\/uploads\/2025\/04\/20180404_075748-1-1024x683.jpg\" alt=\"\" class=\"wp-image-21\" srcset=\"https:\/\/drycon.sk\/wp-content\/uploads\/2025\/04\/20180404_075748-1-1024x683.jpg 1024w, https:\/\/drycon.sk\/wp-content\/uploads\/2025\/04\/20180404_075748-1-300x200.jpg 300w, https:\/\/drycon.sk\/wp-content\/uploads\/2025\/04\/20180404_075748-1-768x512.jpg 768w, https:\/\/drycon.sk\/wp-content\/uploads\/2025\/04\/20180404_075748-1-1536x1024.jpg 1536w, https:\/\/drycon.sk\/wp-content\/uploads\/2025\/04\/20180404_075748-1-2048x1365.jpg 2048w\" sizes=\"auto, (max-width: 1024px) 100vw, 1024px\" \/><\/a><\/figure>\n\n\n\n<p><strong>EasyBoard<\/strong><\/p>\n\n\n\n<p class=\"has-small-font-size\">Prin\u00e1\u0161ame efekt\u00edvne rie\u0161enia v oblasti prefabrikovanej v\u00fdroby zo sadry a sadrokart\u00f3nu. \u0160pecializujeme sa na v\u00fdrobu atypick\u00fdch interi\u00e9rov\u00fdch prvkov, ktor\u00e9 sp\u00e1jaj\u00fa dizajn, funk\u010dnos\u0165, a prec\u00edzne spracovanie detailov. V\u010faka modern\u00fdm technol\u00f3gi\u00e1m a individu\u00e1lnemu pr\u00edstupu dok\u00e1\u017eeme r\u00fdchlo  a efekt\u00edvne realizova\u0165 aj tie najn\u00e1ro\u010dnej\u0161ie projekty.<\/p>\n\n\n\n<div class=\"wp-block-columns is-layout-flex wp-container-core-columns-is-layout-28f84493 wp-block-columns-is-layout-flex\">\n<div class=\"wp-block-column is-layout-flow wp-block-column-is-layout-flow\">\n<figure class=\"wp-block-image size-full\"><img loading=\"lazy\" decoding=\"async\" width=\"557\" height=\"108\" src=\"http:\/\/drycon.sk\/wp-content\/uploads\/2025\/04\/easyboard_color.jpg\" alt=\"\" class=\"wp-image-23\" srcset=\"https:\/\/drycon.sk\/wp-content\/uploads\/2025\/04\/easyboard_color.jpg 557w, https:\/\/drycon.sk\/wp-content\/uploads\/2025\/04\/easyboard_color-300x58.jpg 300w\" sizes=\"auto, (max-width: 557px) 100vw, 557px\" \/><\/figure>\n<\/div>\n\n\n\n<div class=\"wp-block-column is-layout-flow wp-block-column-is-layout-flow\">\n<figure class=\"wp-block-image size-large\"><a href=\"https:\/\/easyboard.sk\"><img loading=\"lazy\" decoding=\"async\" width=\"1024\" height=\"266\" src=\"http:\/\/drycon.sk\/wp-content\/uploads\/2025\/04\/tlacidlo2-1024x266.jpg\" alt=\"\" class=\"wp-image-66\" srcset=\"https:\/\/drycon.sk\/wp-content\/uploads\/2025\/04\/tlacidlo2-1024x266.jpg 1024w, https:\/\/drycon.sk\/wp-content\/uploads\/2025\/04\/tlacidlo2-300x78.jpg 300w, https:\/\/drycon.sk\/wp-content\/uploads\/2025\/04\/tlacidlo2-768x199.jpg 768w, https:\/\/drycon.sk\/wp-content\/uploads\/2025\/04\/tlacidlo2.jpg 1268w\" sizes=\"auto, (max-width: 1024px) 100vw, 1024px\" \/><\/a><\/figure>\n<\/div>\n<\/div>\n\n\n\n<figure class=\"wp-block-image size-large\"><img loading=\"lazy\" decoding=\"async\" width=\"1024\" height=\"98\" src=\"http:\/\/drycon.sk\/wp-content\/uploads\/2025\/04\/spodok-1024x98.jpg\" alt=\"\" class=\"wp-image-25\" srcset=\"https:\/\/drycon.sk\/wp-content\/uploads\/2025\/04\/spodok-1024x98.jpg 1024w, https:\/\/drycon.sk\/wp-content\/uploads\/2025\/04\/spodok-300x29.jpg 300w, https:\/\/drycon.sk\/wp-content\/uploads\/2025\/04\/spodok-768x74.jpg 768w, https:\/\/drycon.sk\/wp-content\/uploads\/2025\/04\/spodok-1536x148.jpg 1536w, https:\/\/drycon.sk\/wp-content\/uploads\/2025\/04\/spodok-2048x197.jpg 2048w\" sizes=\"auto, (max-width: 1024px) 100vw, 1024px\" \/><\/figure>\n<\/div>\n<\/div>\n\n\n\n<div class=\"wp-block-columns is-layout-flex wp-container-core-columns-is-layout-28f84493 wp-block-columns-is-layout-flex\">\n<div class=\"wp-block-column is-layout-flow wp-block-column-is-layout-flow\">\n<figure class=\"wp-block-image size-large\"><img loading=\"lazy\" decoding=\"async\" width=\"1024\" height=\"98\" src=\"http:\/\/drycon.sk\/wp-content\/uploads\/2025\/04\/vrch-1024x98.jpg\" alt=\"\" class=\"wp-image-18\" srcset=\"https:\/\/drycon.sk\/wp-content\/uploads\/2025\/04\/vrch-1024x98.jpg 1024w, https:\/\/drycon.sk\/wp-content\/uploads\/2025\/04\/vrch-300x29.jpg 300w, https:\/\/drycon.sk\/wp-content\/uploads\/2025\/04\/vrch-768x74.jpg 768w, https:\/\/drycon.sk\/wp-content\/uploads\/2025\/04\/vrch-1536x148.jpg 1536w, https:\/\/drycon.sk\/wp-content\/uploads\/2025\/04\/vrch-2048x197.jpg 2048w\" sizes=\"auto, (max-width: 1024px) 100vw, 1024px\" \/><\/figure>\n\n\n\n<figure class=\"wp-block-image size-large\"><a href=\"https:\/\/www.montazsadrokartonu.sk\"><img loading=\"lazy\" decoding=\"async\" width=\"1024\" height=\"683\" src=\"http:\/\/drycon.sk\/wp-content\/uploads\/2025\/04\/shop7-1024x683.jpg\" alt=\"\" class=\"wp-image-27\" srcset=\"https:\/\/drycon.sk\/wp-content\/uploads\/2025\/04\/shop7-1024x683.jpg 1024w, https:\/\/drycon.sk\/wp-content\/uploads\/2025\/04\/shop7-300x200.jpg 300w, https:\/\/drycon.sk\/wp-content\/uploads\/2025\/04\/shop7-768x512.jpg 768w, https:\/\/drycon.sk\/wp-content\/uploads\/2025\/04\/shop7-1536x1024.jpg 1536w, https:\/\/drycon.sk\/wp-content\/uploads\/2025\/04\/shop7-2048x1365.jpg 2048w\" sizes=\"auto, (max-width: 1024px) 100vw, 1024px\" \/><\/a><\/figure>\n\n\n\n<p><strong>Mont\u00e1\u017e sadrokart\u00f3nu<\/strong><\/p>\n\n\n\n<p class=\"has-small-font-size\">S trad\u00edciou od roku 1992 sme jedna z prv\u00fdch \u0161pecializovan\u00fdch firiem na oblas\u0165 dod\u00e1vky a mont\u00e1\u017ee sadrokart\u00f3nov\u00fdch syst\u00e9mov, kazetov\u00fdch podh\u013eadov a tepeln\u00fdch izol\u00e1ci\u00ed. Sme sk\u00fasen\u00fd realiz\u00e1tor \u0161irok\u00e9ho spektra stavieb, od men\u0161\u00edch rodinn\u00fdch domov, luxusn\u00fdch v\u00edl, cez obchodn\u00e9 domy po rozsiahle v\u00fdrobn\u00e9 haly a polyfunk\u010dn\u00e9 objekty.<\/p>\n\n\n\n<div class=\"wp-block-columns is-layout-flex wp-container-core-columns-is-layout-28f84493 wp-block-columns-is-layout-flex\">\n<div class=\"wp-block-column is-layout-flow wp-block-column-is-layout-flow\">\n<figure class=\"wp-block-image size-full is-resized\"><img loading=\"lazy\" decoding=\"async\" width=\"493\" height=\"209\" src=\"http:\/\/drycon.sk\/wp-content\/uploads\/2025\/04\/DryCon_color_eng.jpg\" alt=\"\" class=\"wp-image-30\" style=\"width:68px;height:auto\" srcset=\"https:\/\/drycon.sk\/wp-content\/uploads\/2025\/04\/DryCon_color_eng.jpg 493w, https:\/\/drycon.sk\/wp-content\/uploads\/2025\/04\/DryCon_color_eng-300x127.jpg 300w\" sizes=\"auto, (max-width: 493px) 100vw, 493px\" \/><\/figure>\n<\/div>\n\n\n\n<div class=\"wp-block-column is-layout-flow wp-block-column-is-layout-flow\">\n<figure class=\"wp-block-image size-large\"><a href=\"https:\/\/www.montazsadrokartonu.sk\"><img loading=\"lazy\" decoding=\"async\" width=\"1024\" height=\"266\" src=\"http:\/\/drycon.sk\/wp-content\/uploads\/2025\/04\/tlacidlo2-1024x266.jpg\" alt=\"\" class=\"wp-image-66\" srcset=\"https:\/\/drycon.sk\/wp-content\/uploads\/2025\/04\/tlacidlo2-1024x266.jpg 1024w, https:\/\/drycon.sk\/wp-content\/uploads\/2025\/04\/tlacidlo2-300x78.jpg 300w, https:\/\/drycon.sk\/wp-content\/uploads\/2025\/04\/tlacidlo2-768x199.jpg 768w, https:\/\/drycon.sk\/wp-content\/uploads\/2025\/04\/tlacidlo2.jpg 1268w\" sizes=\"auto, (max-width: 1024px) 100vw, 1024px\" \/><\/a><\/figure>\n<\/div>\n<\/div>\n\n\n\n<figure class=\"wp-block-image size-large\"><img loading=\"lazy\" decoding=\"async\" width=\"1024\" height=\"98\" src=\"http:\/\/drycon.sk\/wp-content\/uploads\/2025\/04\/spodok-1024x98.jpg\" alt=\"\" class=\"wp-image-25\" srcset=\"https:\/\/drycon.sk\/wp-content\/uploads\/2025\/04\/spodok-1024x98.jpg 1024w, https:\/\/drycon.sk\/wp-content\/uploads\/2025\/04\/spodok-300x29.jpg 300w, https:\/\/drycon.sk\/wp-content\/uploads\/2025\/04\/spodok-768x74.jpg 768w, https:\/\/drycon.sk\/wp-content\/uploads\/2025\/04\/spodok-1536x148.jpg 1536w, https:\/\/drycon.sk\/wp-content\/uploads\/2025\/04\/spodok-2048x197.jpg 2048w\" sizes=\"auto, (max-width: 1024px) 100vw, 1024px\" \/><\/figure>\n<\/div>\n\n\n\n<div class=\"wp-block-column is-layout-flow wp-block-column-is-layout-flow\">\n<figure class=\"wp-block-image size-large\"><img loading=\"lazy\" decoding=\"async\" width=\"1024\" height=\"98\" src=\"http:\/\/drycon.sk\/wp-content\/uploads\/2025\/04\/vrch-1024x98.jpg\" alt=\"\" class=\"wp-image-18\" srcset=\"https:\/\/drycon.sk\/wp-content\/uploads\/2025\/04\/vrch-1024x98.jpg 1024w, https:\/\/drycon.sk\/wp-content\/uploads\/2025\/04\/vrch-300x29.jpg 300w, https:\/\/drycon.sk\/wp-content\/uploads\/2025\/04\/vrch-768x74.jpg 768w, https:\/\/drycon.sk\/wp-content\/uploads\/2025\/04\/vrch-1536x148.jpg 1536w, https:\/\/drycon.sk\/wp-content\/uploads\/2025\/04\/vrch-2048x197.jpg 2048w\" sizes=\"auto, (max-width: 1024px) 100vw, 1024px\" \/><\/figure>\n\n\n\n<figure class=\"wp-block-image size-large\"><a href=\"https:\/\/concretetopsolutions.eu\"><img loading=\"lazy\" decoding=\"async\" width=\"1024\" height=\"683\" src=\"https:\/\/drycon.sk\/wp-content\/uploads\/2025\/05\/301-vector-g5_nahlad-1024x683.jpg\" alt=\"\" class=\"wp-image-72\" srcset=\"https:\/\/drycon.sk\/wp-content\/uploads\/2025\/05\/301-vector-g5_nahlad-1024x683.jpg 1024w, https:\/\/drycon.sk\/wp-content\/uploads\/2025\/05\/301-vector-g5_nahlad-300x200.jpg 300w, https:\/\/drycon.sk\/wp-content\/uploads\/2025\/05\/301-vector-g5_nahlad-768x512.jpg 768w, https:\/\/drycon.sk\/wp-content\/uploads\/2025\/05\/301-vector-g5_nahlad.jpg 1200w\" sizes=\"auto, (max-width: 1024px) 100vw, 1024px\" \/><\/a><\/figure>\n\n\n\n<p><strong>Concrete Top Solutions<\/strong><\/p>\n\n\n\n<p class=\"has-small-font-size\">Inovat\u00edvne rie\u0161enia pre interi\u00e9r aj exteri\u00e9r &#8211; ru\u010dne vyr\u00e1ban\u00e9 bet\u00f3nov\u00e9 kuchynsk\u00e9 dosky, um\u00fdvadl\u00e1, barov\u00e9 pulty, \u010di krbov\u00e9 obklady na mieru. Atypick\u00e1 v\u00fdroba s vysokou odolnos\u0165ou a prec\u00edznym remeseln\u00fdm spracovan\u00edm rob\u00ed z na\u0161ich produktov jedine\u010dn\u00fd prvok pretv\u00e1raj\u00faci ka\u017ed\u00fd interi\u00e9r.<br>.<\/p>\n\n\n\n<div class=\"wp-block-columns is-layout-flex wp-container-core-columns-is-layout-28f84493 wp-block-columns-is-layout-flex\">\n<div class=\"wp-block-column is-layout-flow wp-block-column-is-layout-flow\">\n<figure class=\"wp-block-image size-large\"><img loading=\"lazy\" decoding=\"async\" width=\"1024\" height=\"196\" src=\"http:\/\/drycon.sk\/wp-content\/uploads\/2025\/04\/CTS-1024x196.jpg\" alt=\"\" class=\"wp-image-29\" srcset=\"https:\/\/drycon.sk\/wp-content\/uploads\/2025\/04\/CTS-1024x196.jpg 1024w, https:\/\/drycon.sk\/wp-content\/uploads\/2025\/04\/CTS-300x57.jpg 300w, https:\/\/drycon.sk\/wp-content\/uploads\/2025\/04\/CTS-768x147.jpg 768w, https:\/\/drycon.sk\/wp-content\/uploads\/2025\/04\/CTS.jpg 1373w\" sizes=\"auto, (max-width: 1024px) 100vw, 1024px\" \/><\/figure>\n<\/div>\n\n\n\n<div class=\"wp-block-column is-layout-flow wp-block-column-is-layout-flow\">\n<figure class=\"wp-block-image size-large\"><a href=\"https:\/\/concretetopsolutions.eu\"><img loading=\"lazy\" decoding=\"async\" width=\"1024\" height=\"266\" src=\"http:\/\/drycon.sk\/wp-content\/uploads\/2025\/04\/tlacidlo2-1024x266.jpg\" alt=\"\" class=\"wp-image-66\" srcset=\"https:\/\/drycon.sk\/wp-content\/uploads\/2025\/04\/tlacidlo2-1024x266.jpg 1024w, https:\/\/drycon.sk\/wp-content\/uploads\/2025\/04\/tlacidlo2-300x78.jpg 300w, https:\/\/drycon.sk\/wp-content\/uploads\/2025\/04\/tlacidlo2-768x199.jpg 768w, https:\/\/drycon.sk\/wp-content\/uploads\/2025\/04\/tlacidlo2.jpg 1268w\" sizes=\"auto, (max-width: 1024px) 100vw, 1024px\" \/><\/a><\/figure>\n<\/div>\n<\/div>\n\n\n\n<figure class=\"wp-block-image size-large\"><img loading=\"lazy\" decoding=\"async\" width=\"1024\" height=\"98\" src=\"http:\/\/drycon.sk\/wp-content\/uploads\/2025\/04\/spodok-1024x98.jpg\" alt=\"\" class=\"wp-image-25\" srcset=\"https:\/\/drycon.sk\/wp-content\/uploads\/2025\/04\/spodok-1024x98.jpg 1024w, https:\/\/drycon.sk\/wp-content\/uploads\/2025\/04\/spodok-300x29.jpg 300w, https:\/\/drycon.sk\/wp-content\/uploads\/2025\/04\/spodok-768x74.jpg 768w, https:\/\/drycon.sk\/wp-content\/uploads\/2025\/04\/spodok-1536x148.jpg 1536w, https:\/\/drycon.sk\/wp-content\/uploads\/2025\/04\/spodok-2048x197.jpg 2048w\" sizes=\"auto, (max-width: 1024px) 100vw, 1024px\" \/><\/figure>\n<\/div>\n<\/div>\n\n\n\n<hr class=\"wp-block-separator has-alpha-channel-opacity\"\/>\n\n\n\n<p class=\"has-text-align-center has-medium-font-size\"><strong>Kontakt<\/strong><\/p>\n\n\n\n<p class=\"has-text-align-center has-small-font-size\">Drycon Group s.r.o.<br>Povoznicka 18a<br>841 03 Bratislava<br><a href=\"mailto:drycon@drycon.sk\" target=\"_blank\" rel=\"noreferrer noopener\">drycon@drycon.sk<\/a>&nbsp;<br><a href=\"tel:+421905379000\">+421 905 379 000<\/a><\/p>\n","protected":false},"excerpt":{"rendered":"<p>Spolo\u010dne sp\u00e1jame estetiku, akustiku, remeseln\u00fa zru\u010dnos\u0165 a modern\u00e9 technol\u00f3gie do jedn\u00e9ho spo\u013eahliv\u00e9ho celku S trad\u00edciou od roku 1992 patr\u00edme medzi l\u00eddrov v oblasti suchej v\u00fdstavby na slovenskom trhu. Postupne sme zdokona\u013eovali na\u0161e zru\u010dnosti, roz\u0161\u00edrili p\u00f4sobenie v oblasti prefabrik\u00e1cie a interi\u00e9rovej akustiky. Dnes pod zna\u010dkou DryCon Group zastre\u0161ujeme skupinu firiem, ktor\u00e9 pon\u00fakaj\u00fa kvalitn\u00e9 rie\u0161enia od z\u00e1kazkovej [&hellip;]<\/p>\n","protected":false},"author":1,"featured_media":0,"parent":0,"menu_order":0,"comment_status":"closed","ping_status":"closed","template":"page-no-title","meta":{"footnotes":""},"class_list":["post-2","page","type-page","status-publish","hentry"],"_links":{"self":[{"href":"https:\/\/drycon.sk\/index.php?rest_route=\/wp\/v2\/pages\/2","targetHints":{"allow":["GET"]}}],"collection":[{"href":"https:\/\/drycon.sk\/index.php?rest_route=\/wp\/v2\/pages"}],"about":[{"href":"https:\/\/drycon.sk\/index.php?rest_route=\/wp\/v2\/types\/page"}],"author":[{"embeddable":true,"href":"https:\/\/drycon.sk\/index.php?rest_route=\/wp\/v2\/users\/1"}],"replies":[{"embeddable":true,"href":"https:\/\/drycon.sk\/index.php?rest_route=%2Fwp%2Fv2%2Fcomments&post=2"}],"version-history":[{"count":20,"href":"https:\/\/drycon.sk\/index.php?rest_route=\/wp\/v2\/pages\/2\/revisions"}],"predecessor-version":[{"id":74,"href":"https:\/\/drycon.sk\/index.php?rest_route=\/wp\/v2\/pages\/2\/revisions\/74"}],"wp:attachment":[{"href":"https:\/\/drycon.sk\/index.php?rest_route=%2Fwp%2Fv2%2Fmedia&parent=2"}],"curies":[{"name":"wp","href":"https:\/\/api.w.org\/{rel}","templated":true}]}}